{"id":599,"date":"2023-05-05T16:59:13","date_gmt":"2023-05-05T16:59:13","guid":{"rendered":"https:\/\/www.avigel.de\/?page_id=599"},"modified":"2024-04-07T14:33:51","modified_gmt":"2024-04-07T14:33:51","slug":"ueber-uns-2-0","status":"publish","type":"page","link":"https:\/\/www.avigel.de\/?page_id=599","title":{"rendered":"\u00dcber uns 2.0"},"content":{"rendered":"\t\t<div data-elementor-type=\"wp-page\" data-elementor-id=\"599\" class=\"elementor elementor-599\" data-elementor-post-type=\"page\">\n\t\t\t\t\t\t<section class=\"elementor-section elementor-top-section elementor-element elementor-element-5cb2f8c6 elementor-section-full_width elementor-section-height-min-height elementor-section-height-default elementor-section-items-middle\" data-id=\"5cb2f8c6\" data-element_type=\"section\" data-settings=\"{&quot;background_background&quot;:&quot;classic&quot;}\">\n\t\t\t\t\t\t\t<div class=\"elementor-background-overlay\"><\/div>\n\t\t\t\t\t\t\t<div class=\"elementor-container elementor-column-gap-default\">\n\t\t\t\t\t<div class=\"elementor-column elementor-col-100 elementor-top-column elementor-element elementor-element-48015ae1\" data-id=\"48015ae1\" data-element_type=\"column\">\n\t\t\t<div class=\"elementor-widget-wrap elementor-element-populated\">\n\t\t\t\t\t\t<div class=\"elementor-element elementor-element-75cc094f elementor-widget elementor-widget-heading\" data-id=\"75cc094f\" data-element_type=\"widget\" data-widget_type=\"heading.default\">\n\t\t\t\t<div class=\"elementor-widget-container\">\n\t\t\t\t\t<h2 class=\"elementor-heading-title elementor-size-large\">AV Igel<\/h2>\t\t\t\t<\/div>\n\t\t\t\t<\/div>\n\t\t\t\t<div class=\"elementor-element elementor-element-208285f2 elementor-widget-divider--view-line_icon elementor-view-default elementor-widget-divider--element-align-center elementor-widget elementor-widget-divider\" data-id=\"208285f2\" data-element_type=\"widget\" data-widget_type=\"divider.default\">\n\t\t\t\t<div class=\"elementor-widget-container\">\n\t\t\t\t\t\t\t<div class=\"elementor-divider\">\n\t\t\t<span class=\"elementor-divider-separator\">\n\t\t\t\t\t\t\t<div class=\"elementor-icon elementor-divider__element\">\n\t\t\t\t\t<svg xmlns=\"http:\/\/www.w3.org\/2000\/svg\" xmlns:xlink=\"http:\/\/www.w3.org\/1999\/xlink\" id=\"Ebene_2\" x=\"0px\" y=\"0px\" viewBox=\"0 0 1500 1500\" style=\"enable-background:new 0 0 1500 1500;\" xml:space=\"preserve\"><path d=\"M1338,330c0,0-10,41.5-326,0S565,437,565,437s-110,111,0,212s387,37,440-116S888,428,888,428s-120,10-237,239 s-119,385-241,496s-266,35-234-52c0,0,11,16,27,5s11-26-3-32s-28.5,14-28.5,14s-42.9,109.4,108.3,127.5c0.9,0.1,1.8,0.2,2.7,0.1 c15.5-0.3,148.6-8.5,244.5-195.7c102-199,127-357,168-409s85-180,248-190c0,0,122,12,33,134S765,682,765,682s-145,15-218-66 s32.9-246.8,192.7-254.6C857,355.6,878,343,1042,363c274.9,33.5,323-46,323-46s11-21-13-28.5c-30.5-9.6-36,24.5-30,30.5 S1338,330,1338,330z\"><\/path><path d=\"M249,1102c1.3-4.3-10,82,95,118s200-83,227-125s109-272,125-325s95-174,114-190s80-80,94-91s-137,83-244-12c0,0,7,79-73,161 c-80,82-49,153-49,153c0,0,0,0,0,0c0,0,7,60,103,65c96,5,109-35,109-35s11-39-105-34s-159,59-159,59s-115,82-116,228 s182,140,182,140s140-16,260-206c0,0,6.3-10.3-10.3,61.4c0,0.2-0.1,0.3-0.1,0.5c-0.4,2.5-3.3,23.2-5.6,57.7c0,0.2,0,0.5-0.1,0.7 c-0.7,4.6-8.6,54.4-21.9,70.7c0,0,47,1,94-106c47-107-23.8-79.8-20.7-43.8c0,0-5.3,41.8,36.7,33.8c41.8-8,75.7-87.3,76-88 c0,0,0,0,0,0c-0.1,0.6-18.2,82.1-83,98c0,0-37,8.5-32.5-46s40.2-41.5,42.3-23.8c2.3,18.7,12.7,29.8-34.8,109.3 c-47.5,79.5-110,91-110,91c0,0,0,0,0,0c0,0,38-45,33.5-156.5c0,0-139.5,190.5-299.5,145.5S347,1024,347,1024s-4-72.8,103.5-172.2 C558,752.5,703.9,777,704,777c0,0,0,0,0,0c0.1,0,47,2,54,38c7,36-87,47.5-87,47.5s-82,15-135.5-47.5s43-185,43-185 S656,572.5,651,459.5c0,0,0,0,0,0c0,0,94,121.5,296,0c0,0,0,0,0,0c0,0-182,170.5-211.5,278C706,845,651,999.5,626,1040 s-45,85-138.5,161.5s-203.5-6.5-208-11.5s-46.5-44-35.5-93c0,0,1-18,18.5-18c14.5,0,17,11,17,11s2,12.6-5,17.5 C265.7,1113.7,249,1102,249,1102z\"><\/path><path d=\"M1027.8,1139.9c-1.7,3.3-6.7,0.9-5.3-2.5c43.6-105.9,137.5-333.7,159.2-384.8c28.6-67.2,82.6-55.1,9.9,80.4 C1140.8,927.8,1067.3,1065.7,1027.8,1139.9z\"><\/path><path d=\"M1004.3,1171c0,0-14.6,2-15.4,19c-0.7,17,15.4,18,15.4,18s13.9-3,14.6-18.5C1019.7,1174,1004.3,1171,1004.3,1171z\"><\/path><\/svg><\/div>\n\t\t\t\t\t\t<\/span>\n\t\t<\/div>\n\t\t\t\t\t\t<\/div>\n\t\t\t\t<\/div>\n\t\t\t\t<div class=\"elementor-element elementor-element-24313f44 elementor-widget elementor-widget-heading\" data-id=\"24313f44\" data-element_type=\"widget\" data-widget_type=\"heading.default\">\n\t\t\t\t<div class=\"elementor-widget-container\">\n\t\t\t\t\t<h2 class=\"elementor-heading-title elementor-size-default\">\u00dcber uns<\/h2>\t\t\t\t<\/div>\n\t\t\t\t<\/div>\n\t\t\t\t\t<\/div>\n\t\t<\/div>\n\t\t\t\t\t<\/div>\n\t\t<\/section>\n\t\t\t\t<section class=\"elementor-section elementor-top-section elementor-element elementor-element-2f61da7 elementor-section-boxed elementor-section-height-default elementor-section-height-default\" data-id=\"2f61da7\" data-element_type=\"section\">\n\t\t\t\t\t\t<div class=\"elementor-container elementor-column-gap-default\">\n\t\t\t\t\t<div class=\"elementor-column elementor-col-50 elementor-top-column elementor-element elementor-element-30fb648\" data-id=\"30fb648\" data-element_type=\"column\">\n\t\t\t<div class=\"elementor-widget-wrap elementor-element-populated\">\n\t\t\t\t\t\t<div class=\"elementor-element elementor-element-4e9540d elementor-hidden-mobile elementor-widget elementor-widget-image\" data-id=\"4e9540d\" data-element_type=\"widget\" data-widget_type=\"image.default\">\n\t\t\t\t<div class=\"elementor-widget-container\">\n\t\t\t\t\t\t\t\t\t\t\t\t\t\t\t<img fetchpriority=\"high\" decoding=\"async\" width=\"464\" height=\"1024\" src=\"https:\/\/www.avigel.de\/wp-content\/uploads\/2018\/10\/cropped-Eingang-2-464x1024.jpg\" class=\"attachment-large size-large wp-image-163\" alt=\"\" srcset=\"https:\/\/www.avigel.de\/wp-content\/uploads\/2018\/10\/cropped-Eingang-2-464x1024.jpg 464w, https:\/\/www.avigel.de\/wp-content\/uploads\/2018\/10\/cropped-Eingang-2-136x300.jpg 136w, https:\/\/www.avigel.de\/wp-content\/uploads\/2018\/10\/cropped-Eingang-2-768x1696.jpg 768w, https:\/\/www.avigel.de\/wp-content\/uploads\/2018\/10\/cropped-Eingang-2-1024x2261.jpg 1024w, https:\/\/www.avigel.de\/wp-content\/uploads\/2018\/10\/cropped-Eingang-2-489x1080.jpg 489w, https:\/\/www.avigel.de\/wp-content\/uploads\/2018\/10\/cropped-Eingang-2.jpg 1290w\" sizes=\"(max-width: 464px) 100vw, 464px\" \/>\t\t\t\t\t\t\t\t\t\t\t\t\t\t\t<\/div>\n\t\t\t\t<\/div>\n\t\t\t\t\t<\/div>\n\t\t<\/div>\n\t\t\t\t<div class=\"elementor-column elementor-col-50 elementor-top-column elementor-element elementor-element-6bdccf7\" data-id=\"6bdccf7\" data-element_type=\"column\">\n\t\t\t<div class=\"elementor-widget-wrap elementor-element-populated\">\n\t\t\t\t\t\t<div class=\"elementor-element elementor-element-988192d elementor-widget elementor-widget-text-editor\" data-id=\"988192d\" data-element_type=\"widget\" data-widget_type=\"text-editor.default\">\n\t\t\t\t<div class=\"elementor-widget-container\">\n\t\t\t\t\t\t\t\t\t<h4 class=\"\">Wer sind wir?<\/h4><p class=\"\">Der Igel ist eine Studentenverbindung an der Universit\u00e4t T\u00fcbingen. Trotz des bei Gr\u00fcndung der Verbindung im Jahre 1871 herrschenden Zeitgeistes, entschloss man sich damals keine Farben zu tragen und keine Bestimmungsmensuren zu schlagen. Dies und der aus dem Rahmen fallende Name der Verbindung hat sie stets \u2013 bis heute \u2013 von den anderen T\u00fcbinger Verbindungen unterschieden.<br \/><br \/><br \/><br \/>Der Igel versteht sich als Freundschaftsbund, der auf dem sog. Lebensbundprinzip beruht. Dies bedeutet, dass man der Verbindung ein Leben lang angeh\u00f6rt.<br \/><br \/><br \/><br \/>Als Student geh\u00f6rt man der Aktivitas an, d.h. man nimmt am Verbindungsleben mit Rechten und Pflichten und vielf\u00e4ltigen M\u00f6glichkeiten der Freizeitgestaltung teil. Die Aktivitas verwaltet sich selbst, wobei die Organisation des Semesters in der Hand von Studenten liegt. Diese werden f\u00fcr jedes Semester mit Mehrheit gew\u00e4hlt. Sie werden als Charge bezeichnet, bestehend aus dem Senior, dem Consenior und dem Fuxmajor, der die neu aufgenommenen Igel, die \u201eF\u00fcxe\u201c beim Einleben in das Verbindungsleben unterst\u00fctzt.<br \/><br \/><br \/><br \/>Die Igel, die ihr Studium beendet haben, werden als Alte Herren bezeichnet. Die ca. 350 Alten Herren des Igels bilden den die Verbindung tragenden Verein. Sie pflegen vielf\u00e4ltige Kontakte untereinander und mit den aktiven Studenten. Die Alten Herren finanzieren durch ihre Beitr\u00e4ge die Aufwendungen f\u00fcr das Verbindungsleben und das Verbindungshaus. Sie unterst\u00fctzten die Aktivitas finanziell.<\/p>\t\t\t\t\t\t\t\t<\/div>\n\t\t\t\t<\/div>\n\t\t\t\t\t<\/div>\n\t\t<\/div>\n\t\t\t\t\t<\/div>\n\t\t<\/section>\n\t\t\t\t<section class=\"elementor-section elementor-top-section elementor-element elementor-element-a999e20 elementor-section-boxed elementor-section-height-default elementor-section-height-default\" data-id=\"a999e20\" data-element_type=\"section\">\n\t\t\t\t\t\t<div class=\"elementor-container elementor-column-gap-default\">\n\t\t\t\t\t<div class=\"elementor-column elementor-col-100 elementor-top-column elementor-element elementor-element-a4c7e9d\" data-id=\"a4c7e9d\" data-element_type=\"column\">\n\t\t\t<div class=\"elementor-widget-wrap elementor-element-populated\">\n\t\t\t\t\t\t<div class=\"elementor-element elementor-element-625fca6 elementor-widget elementor-widget-text-editor\" data-id=\"625fca6\" data-element_type=\"widget\" data-widget_type=\"text-editor.default\">\n\t\t\t\t<div class=\"elementor-widget-container\">\n\t\t\t\t\t\t\t\t\t<h4 class=\"\">Warum Akademische Verbindung Igel?<\/h4><p class=\"\">Der Igel z\u00e4hlt mittlerweile \u2013 von jung bis alt \u2013 \u00fcber 400 Mitglieder, die sich \u00fcber ganz Deutschland verteilen und ist mit \u00fcber 40 Studenten in der Aktivitas eine der gr\u00f6\u00dften Verbindungen in T\u00fcbingen.<\/p><p>Das hat nat\u00fcrlich Gr\u00fcnde:<\/p><p>Der Igel ist durch die richtige Mischung aus Tradition und Moderne zur wohl gr\u00f6\u00dften Verbindungen in T\u00fcbingen herangewachsen. Der Igel wei\u00df sich der modernen Welt anzupassen, vergisst aber nicht, wo er herkommt.<\/p><p>Der Igel ist eine sehr offene Verbindung in T\u00fcbingen. Wir feiern nicht f\u00fcr uns, sondern mit jedem, der Lust hat uns auf unserer Igelburg zu besuchen. Die Kooperation mit einigen Fachschaften, der Zwiefalter Brauerei und dem Blauen Turm sind Beispiele der erfolgreichen Zusammenarbeit mit weiteren Gruppen und Unternehmen.<\/p><p>Als Igel investieren wir zudem viel in unseren Freundschaftsbund, denn auch unabh\u00e4ngig von Globalisierung, Facebook &amp; Co. ist die Verbindung f\u00fcr uns eine wichtige Konstante \u2013 und das bereits seit knapp 150 Jahren.<\/p><p>Die Igelburg stellt den Mittelpunkt unseres Igel-Lebens dar und bietet gerade den jungen Igeln einen g\u00fcnstigen Wohnraum. Die Burg bietet acht sch\u00f6ne und sehr g\u00fcnstige Zimmer, die von Igeln jederzeit \u00fcber einen l\u00e4ngeren Zeitraum bezogen werden k\u00f6nnen. Zudem besteht die M\u00f6glichkeit, an bis zu vier gemeinsamen Mittag- und zwei Abendessen pro Woche teilzunehmen. Zu den Essen sind auch immer Freunde &amp; G\u00e4ste herzlich eingeladen.<\/p><p>Die gro\u00dfe Pergola mit Blick auf die Stadt, die eigenen Stocherk\u00e4hne auf dem Neckar, das gem\u00fctliche Kaffeezimmer mit Billiardtisch und das Fernsehzimmer mit gro\u00dfem Flatscreen und Sky-Abo laden auch nach der Uni zum Verweilen ein.<\/p><p>Wir nutzen die Igelburg nat\u00fcrlich auch, um die vielen Igel-Freunde auf unsere Themen-Partys einzuladen. W\u00e4hrend die jungen Igel lernen, wie unsere Partys organisiert und durchf\u00fchrt werden, sorgen die Igel-DJs und unsere Party-G\u00e4ste immer wieder f\u00fcr eine ausgelassene Stimmung.<\/p><p>Ein gro\u00dfer R\u00fcckhalt des Igels sind unsere Alten Herren, die uns immer wieder mit Rat &amp; Tat sowie der Finanzierung unserer sch\u00f6nen Igelburg unterst\u00fctzen. Dieses umgekehrte Rentensystem gibt uns jungen Studenten die M\u00f6glichkeit, ein erfolgreiches Studium und eine tolle Igelzeit zu erleben, um sp\u00e4ter die nachfolgende Generation ebenfalls zu unterst\u00fctzen.<\/p><p>Dar\u00fcber hinaus kommen wir mehrmals im Semester in den Genuss hochkar\u00e4tiger Vortr\u00e4ge, da sich im Kreis unserer Alten Herren viele erfolgreiche F\u00fchrungskr\u00e4fte und Unternehmer befinden.<\/p><p>Die \u00dcbernahme von Verantwortung in verschiedensten Bereichen der Verbindung halten wir wichtig f\u00fcr eine positive Pers\u00f6nlichkeitsentwicklung. In Diskussionen oder auf Konventen \u00fcben unsere Mitglieder die freie Rede und \u00dcberzeugung durch Argumentation.<\/p><p>Bist Du noch am Anfang deines Studiums und wir haben Dein Interesse geweckt?<\/p><p>Melde Dich bei uns und wir laden Dich auf unsere sch\u00f6ne Igelburg ein. Du wirst schnell sehen, dass Verbindungen im allgemeinen \u2013 und diese ganz speziell \u2013 deutlich besser sind als ihr Ruf.<\/p><p>Hast Du weitere Fragen? Schreib uns einfach eine Mail an kontakt@avigel.de.<\/p><p>Oder besuch uns auf unserer <a class=\"\" href=\"https:\/\/www.facebook.com\/avigel1\" target=\"_blank\" rel=\"noopener\" data-cp-link=\"1\">Facebook-Seite<\/a> und schreib uns dort eine Nachricht.<\/p><p>Wir freuen uns auf Dich!<\/p>\t\t\t\t\t\t\t\t<\/div>\n\t\t\t\t<\/div>\n\t\t\t\t\t<\/div>\n\t\t<\/div>\n\t\t\t\t\t<\/div>\n\t\t<\/section>\n\t\t\t\t<\/div>\n\t\t","protected":false},"excerpt":{"rendered":"<p>AV Igel \u00dcber uns Wer sind wir? Der Igel ist eine Studentenverbindung an der Universit\u00e4t T\u00fcbingen. Trotz des bei Gr\u00fcndung der Verbindung im Jahre 1871 herrschenden Zeitgeistes, entschloss man sich damals keine Farben zu tragen und keine Bestimmungsmensuren zu schlagen. Dies und der aus dem Rahmen fallende Name der Verbindung hat sie stets \u2013 bis [&hellip;]<\/p>\n","protected":false},"author":1,"featured_media":0,"parent":0,"menu_order":0,"comment_status":"closed","ping_status":"closed","template":"elementor_header_footer","meta":{"footnotes":""},"class_list":["post-599","page","type-page","status-publish","hentry"],"_links":{"self":[{"href":"https:\/\/www.avigel.de\/index.php?rest_route=\/wp\/v2\/pages\/599","targetHints":{"allow":["GET"]}}],"collection":[{"href":"https:\/\/www.avigel.de\/index.php?rest_route=\/wp\/v2\/pages"}],"about":[{"href":"https:\/\/www.avigel.de\/index.php?rest_route=\/wp\/v2\/types\/page"}],"author":[{"embeddable":true,"href":"https:\/\/www.avigel.de\/index.php?rest_route=\/wp\/v2\/users\/1"}],"replies":[{"embeddable":true,"href":"https:\/\/www.avigel.de\/index.php?rest_route=%2Fwp%2Fv2%2Fcomments&post=599"}],"version-history":[{"count":19,"href":"https:\/\/www.avigel.de\/index.php?rest_route=\/wp\/v2\/pages\/599\/revisions"}],"predecessor-version":[{"id":989,"href":"https:\/\/www.avigel.de\/index.php?rest_route=\/wp\/v2\/pages\/599\/revisions\/989"}],"wp:attachment":[{"href":"https:\/\/www.avigel.de\/index.php?rest_route=%2Fwp%2Fv2%2Fmedia&parent=599"}],"curies":[{"name":"wp","href":"https:\/\/api.w.org\/{rel}","templated":true}]}}