{"id":597,"date":"2022-05-25T16:15:31","date_gmt":"2022-05-25T16:15:31","guid":{"rendered":"https:\/\/www.avigel.de\/?page_id=597"},"modified":"2026-04-02T12:13:00","modified_gmt":"2026-04-02T12:13:00","slug":"semesterprogramm-2-0","status":"publish","type":"page","link":"https:\/\/www.avigel.de\/?page_id=597","title":{"rendered":"Semesterprogramm"},"content":{"rendered":"\t\t<div data-elementor-type=\"wp-page\" data-elementor-id=\"597\" class=\"elementor elementor-597\" data-elementor-post-type=\"page\">\n\t\t\t\t\t\t<section class=\"elementor-section elementor-top-section elementor-element elementor-element-704868f0 elementor-section-full_width elementor-section-height-min-height elementor-section-height-default elementor-section-items-middle\" data-id=\"704868f0\" data-element_type=\"section\" data-settings=\"{&quot;background_background&quot;:&quot;classic&quot;}\">\n\t\t\t\t\t\t\t<div class=\"elementor-background-overlay\"><\/div>\n\t\t\t\t\t\t\t<div class=\"elementor-container elementor-column-gap-default\">\n\t\t\t\t\t<div class=\"elementor-column elementor-col-100 elementor-top-column elementor-element elementor-element-407a40ab\" data-id=\"407a40ab\" data-element_type=\"column\">\n\t\t\t<div class=\"elementor-widget-wrap elementor-element-populated\">\n\t\t\t\t\t\t<div class=\"elementor-element elementor-element-8b58281 elementor-widget elementor-widget-heading\" data-id=\"8b58281\" data-element_type=\"widget\" data-widget_type=\"heading.default\">\n\t\t\t\t<div class=\"elementor-widget-container\">\n\t\t\t\t\t<h2 class=\"elementor-heading-title elementor-size-large\">AV Igel<\/h2>\t\t\t\t<\/div>\n\t\t\t\t<\/div>\n\t\t\t\t<div class=\"elementor-element elementor-element-1df52619 elementor-widget-divider--view-line_icon elementor-view-default elementor-widget-divider--element-align-center elementor-widget elementor-widget-divider\" data-id=\"1df52619\" data-element_type=\"widget\" data-widget_type=\"divider.default\">\n\t\t\t\t<div class=\"elementor-widget-container\">\n\t\t\t\t\t\t\t<div class=\"elementor-divider\">\n\t\t\t<span class=\"elementor-divider-separator\">\n\t\t\t\t\t\t\t<div class=\"elementor-icon elementor-divider__element\">\n\t\t\t\t\t<svg xmlns=\"http:\/\/www.w3.org\/2000\/svg\" xmlns:xlink=\"http:\/\/www.w3.org\/1999\/xlink\" id=\"Ebene_2\" x=\"0px\" y=\"0px\" viewBox=\"0 0 1500 1500\" style=\"enable-background:new 0 0 1500 1500;\" xml:space=\"preserve\"><path d=\"M1338,330c0,0-10,41.5-326,0S565,437,565,437s-110,111,0,212s387,37,440-116S888,428,888,428s-120,10-237,239 s-119,385-241,496s-266,35-234-52c0,0,11,16,27,5s11-26-3-32s-28.5,14-28.5,14s-42.9,109.4,108.3,127.5c0.9,0.1,1.8,0.2,2.7,0.1 c15.5-0.3,148.6-8.5,244.5-195.7c102-199,127-357,168-409s85-180,248-190c0,0,122,12,33,134S765,682,765,682s-145,15-218-66 s32.9-246.8,192.7-254.6C857,355.6,878,343,1042,363c274.9,33.5,323-46,323-46s11-21-13-28.5c-30.5-9.6-36,24.5-30,30.5 S1338,330,1338,330z\"><\/path><path d=\"M249,1102c1.3-4.3-10,82,95,118s200-83,227-125s109-272,125-325s95-174,114-190s80-80,94-91s-137,83-244-12c0,0,7,79-73,161 c-80,82-49,153-49,153c0,0,0,0,0,0c0,0,7,60,103,65c96,5,109-35,109-35s11-39-105-34s-159,59-159,59s-115,82-116,228 s182,140,182,140s140-16,260-206c0,0,6.3-10.3-10.3,61.4c0,0.2-0.1,0.3-0.1,0.5c-0.4,2.5-3.3,23.2-5.6,57.7c0,0.2,0,0.5-0.1,0.7 c-0.7,4.6-8.6,54.4-21.9,70.7c0,0,47,1,94-106c47-107-23.8-79.8-20.7-43.8c0,0-5.3,41.8,36.7,33.8c41.8-8,75.7-87.3,76-88 c0,0,0,0,0,0c-0.1,0.6-18.2,82.1-83,98c0,0-37,8.5-32.5-46s40.2-41.5,42.3-23.8c2.3,18.7,12.7,29.8-34.8,109.3 c-47.5,79.5-110,91-110,91c0,0,0,0,0,0c0,0,38-45,33.5-156.5c0,0-139.5,190.5-299.5,145.5S347,1024,347,1024s-4-72.8,103.5-172.2 C558,752.5,703.9,777,704,777c0,0,0,0,0,0c0.1,0,47,2,54,38c7,36-87,47.5-87,47.5s-82,15-135.5-47.5s43-185,43-185 S656,572.5,651,459.5c0,0,0,0,0,0c0,0,94,121.5,296,0c0,0,0,0,0,0c0,0-182,170.5-211.5,278C706,845,651,999.5,626,1040 s-45,85-138.5,161.5s-203.5-6.5-208-11.5s-46.5-44-35.5-93c0,0,1-18,18.5-18c14.5,0,17,11,17,11s2,12.6-5,17.5 C265.7,1113.7,249,1102,249,1102z\"><\/path><path d=\"M1027.8,1139.9c-1.7,3.3-6.7,0.9-5.3-2.5c43.6-105.9,137.5-333.7,159.2-384.8c28.6-67.2,82.6-55.1,9.9,80.4 C1140.8,927.8,1067.3,1065.7,1027.8,1139.9z\"><\/path><path d=\"M1004.3,1171c0,0-14.6,2-15.4,19c-0.7,17,15.4,18,15.4,18s13.9-3,14.6-18.5C1019.7,1174,1004.3,1171,1004.3,1171z\"><\/path><\/svg><\/div>\n\t\t\t\t\t\t<\/span>\n\t\t<\/div>\n\t\t\t\t\t\t<\/div>\n\t\t\t\t<\/div>\n\t\t\t\t<div class=\"elementor-element elementor-element-1e102f99 elementor-widget elementor-widget-heading\" data-id=\"1e102f99\" data-element_type=\"widget\" data-widget_type=\"heading.default\">\n\t\t\t\t<div class=\"elementor-widget-container\">\n\t\t\t\t\t<h2 class=\"elementor-heading-title elementor-size-default\">Semesterprogramm<\/h2>\t\t\t\t<\/div>\n\t\t\t\t<\/div>\n\t\t\t\t\t<\/div>\n\t\t<\/div>\n\t\t\t\t\t<\/div>\n\t\t<\/section>\n\t\t\t\t<section class=\"elementor-section elementor-top-section elementor-element elementor-element-c91dfac elementor-section-boxed elementor-section-height-default elementor-section-height-default\" data-id=\"c91dfac\" data-element_type=\"section\">\n\t\t\t\t\t\t<div class=\"elementor-container elementor-column-gap-default\">\n\t\t\t\t\t<div class=\"elementor-column elementor-col-100 elementor-top-column elementor-element elementor-element-d533cca\" data-id=\"d533cca\" data-element_type=\"column\">\n\t\t\t<div class=\"elementor-widget-wrap\">\n\t\t\t\t\t\t\t<\/div>\n\t\t<\/div>\n\t\t\t\t\t<\/div>\n\t\t<\/section>\n\t\t\t\t<section class=\"elementor-section elementor-top-section elementor-element elementor-element-3ca9b66 elementor-section-boxed elementor-section-height-default elementor-section-height-default\" data-id=\"3ca9b66\" data-element_type=\"section\">\n\t\t\t\t\t\t<div class=\"elementor-container elementor-column-gap-default\">\n\t\t\t\t\t<div class=\"elementor-column elementor-col-50 elementor-top-column elementor-element elementor-element-4469ffd\" data-id=\"4469ffd\" data-element_type=\"column\">\n\t\t\t<div class=\"elementor-widget-wrap elementor-element-populated\">\n\t\t\t\t\t\t<div class=\"elementor-element elementor-element-7a7f765 elementor-widget__width-initial elementor-widget-mobile__width-initial elementor-widget elementor-widget-text-editor\" data-id=\"7a7f765\" data-element_type=\"widget\" data-widget_type=\"text-editor.default\">\n\t\t\t\t<div class=\"elementor-widget-container\">\n\t\t\t\t\t\t\t\t\t<div class=\"elementor-element elementor-element-1de5d64 elementor-widget elementor-widget-heading\" style=\"align-self: auto; flex: 0 1 auto; order: 0; place-content: normal; align-items: normal; flex-flow: row; gap: normal; --widgets-spacing: 20px 20px; --widgets-spacing-row: 20px; --widgets-spacing-column: 20px; width: 550px; margin-bottom: 20px; color: #333333; font-family: -apple-system, 'system-ui', 'Segoe UI', Roboto, 'Helvetica Neue', Arial, 'Noto Sans', sans-serif, 'Apple Color Emoji', 'Segoe UI Emoji', 'Segoe UI Symbol', 'Noto Color Emoji'; text-align: right;\" data-id=\"1de5d64\" data-element_type=\"widget\" data-widget_type=\"heading.default\"><div class=\"elementor-widget-container\" style=\"transition: background 0.3s, border 0.3s, border-radius 0.3s, box-shadow 0.3s, transform 0.4s;\"><h2 class=\"elementor-heading-title elementor-size-default\" style=\"font-family: Armata, sans-serif; font-weight: 600; color: #000000; font-size: 1.1rem;\">Sommersemester 2026<\/h2><\/div><\/div><div class=\"elementor-element elementor-element-bbb2b0d elementor-widget elementor-widget-heading\" style=\"align-self: auto; flex: 0 1 auto; order: 0; place-content: normal; align-items: normal; flex-flow: row; gap: normal; --widgets-spacing: 20px 20px; --widgets-spacing-row: 20px; --widgets-spacing-column: 20px; width: 550px; margin-bottom: 20px; color: #333333; font-family: -apple-system, 'system-ui', 'Segoe UI', Roboto, 'Helvetica Neue', Arial, 'Noto Sans', sans-serif, 'Apple Color Emoji', 'Segoe UI Emoji', 'Segoe UI Symbol', 'Noto Color Emoji'; text-align: right;\" data-id=\"bbb2b0d\" data-element_type=\"widget\" data-widget_type=\"heading.default\"><div class=\"elementor-widget-container\" style=\"transition: background 0.3s, border 0.3s, border-radius 0.3s, box-shadow 0.3s, transform 0.4s;\"><h2 class=\"elementor-heading-title elementor-size-default\" style=\"font-family: Armata, sans-serif; font-weight: 600; line-height: 1.2em; color: #000000; font-size: 2.7rem;\">\u00a0 \u00a0Vielf\u00e4ltig.<br \/>Abwechslungsreich.<br \/>Akademisch.<\/h2><\/div><\/div><div class=\"elementor-element elementor-element-6ca4cbe elementor-widget elementor-widget-text-editor\" style=\"align-self: auto; flex: 0 1 auto; order: 0; place-content: normal; align-items: normal; flex-flow: row; gap: normal; --widgets-spacing: 20px 20px; --widgets-spacing-row: 20px; --widgets-spacing-column: 20px; font-family: Armata, sans-serif; font-weight: 300; color: #7a7a7a; width: 550px; margin-bottom: 20px; font-size: 0.9rem; line-height: 1.5em; text-align: right;\" data-id=\"6ca4cbe\" data-element_type=\"widget\" data-widget_type=\"text-editor.default\"><div class=\"elementor-widget-container\" style=\"transition: background 0.3s, border 0.3s, border-radius 0.3s, box-shadow 0.3s, transform 0.4s;\">Genauso vielf\u00e4ltig wie unser Lebensbund.<br \/>Abwechslungsreich wie die einzelnen Bundesbr\u00fcder.<br \/>Akademisch \u2013 wie unser Anspruch an uns selbst.<br \/>Dies sind die Ziele, die sich eine jede Charge bei dem Erstellen eines Semesterprogrammes setzt.<\/div><\/div><div class=\"elementor-element elementor-element-1df3ef5 elementor-widget elementor-widget-heading\" style=\"align-self: auto; flex: 0 1 auto; order: 0; place-content: normal; align-items: normal; flex-flow: row; gap: normal; --widgets-spacing: 20px 20px; --widgets-spacing-row: 20px; --widgets-spacing-column: 20px; width: 550px; color: #333333; font-family: -apple-system, 'system-ui', 'Segoe UI', Roboto, 'Helvetica Neue', Arial, 'Noto Sans', sans-serif, 'Apple Color Emoji', 'Segoe UI Emoji', 'Segoe UI Symbol', 'Noto Color Emoji'; text-align: right;\" data-id=\"1df3ef5\" data-element_type=\"widget\" data-widget_type=\"heading.default\"><div class=\"elementor-widget-container\" style=\"transition: background 0.3s, border 0.3s, border-radius 0.3s, box-shadow 0.3s, transform 0.4s;\"><h2 class=\"elementor-heading-title elementor-size-default\" style=\"font-family: Armata, sans-serif; font-weight: 600; color: #000000; font-size: 1.7rem;\">Unser Semesterprogramm:<\/h2><\/div><\/div>\t\t\t\t\t\t\t\t<\/div>\n\t\t\t\t<\/div>\n\t\t\t\t\t<\/div>\n\t\t<\/div>\n\t\t\t\t<div class=\"elementor-column elementor-col-50 elementor-top-column elementor-element elementor-element-327ef28\" data-id=\"327ef28\" data-element_type=\"column\">\n\t\t\t<div class=\"elementor-widget-wrap\">\n\t\t\t\t\t\t\t<\/div>\n\t\t<\/div>\n\t\t\t\t\t<\/div>\n\t\t<\/section>\n\t\t\t\t<section class=\"elementor-section elementor-top-section elementor-element elementor-element-2c6d6a57 elementor-section-boxed elementor-section-height-default elementor-section-height-default\" data-id=\"2c6d6a57\" data-element_type=\"section\">\n\t\t\t\t\t\t<div class=\"elementor-container elementor-column-gap-default\">\n\t\t\t\t\t<div class=\"elementor-column elementor-col-100 elementor-top-column elementor-element elementor-element-4d142a46\" data-id=\"4d142a46\" data-element_type=\"column\">\n\t\t\t<div class=\"elementor-widget-wrap elementor-element-populated\">\n\t\t\t\t\t\t<div class=\"elementor-element elementor-element-3f21206f elementor-widget elementor-widget-image\" data-id=\"3f21206f\" data-element_type=\"widget\" data-widget_type=\"image.default\">\n\t\t\t\t<div class=\"elementor-widget-container\">\n\t\t\t\t\t\t\t\t\t\t\t\t\t\t\t<img decoding=\"async\" src=\"https:\/\/www.avigel.de\/wp-content\/uploads\/2026\/04\/Sempro-SS26.pdf\" title=\"\" alt=\"Sempro Sommer 2026\" loading=\"lazy\" \/>\t\t\t\t\t\t\t\t\t\t\t\t\t\t\t<\/div>\n\t\t\t\t<\/div>\n\t\t\t\t\t<\/div>\n\t\t<\/div>\n\t\t\t\t\t<\/div>\n\t\t<\/section>\n\t\t\t\t<\/div>\n\t\t","protected":false},"excerpt":{"rendered":"<p>AV Igel Semesterprogramm Sommersemester 2026 \u00a0 \u00a0Vielf\u00e4ltig.Abwechslungsreich.Akademisch. Genauso vielf\u00e4ltig wie unser Lebensbund.Abwechslungsreich wie die einzelnen Bundesbr\u00fcder.Akademisch \u2013 wie unser Anspruch an uns selbst.Dies sind die Ziele, die sich eine jede Charge bei dem Erstellen eines Semesterprogrammes setzt. Unser Semesterprogramm:<\/p>\n","protected":false},"author":1,"featured_media":0,"parent":0,"menu_order":0,"comment_status":"closed","ping_status":"closed","template":"","meta":{"footnotes":""},"class_list":["post-597","page","type-page","status-publish","hentry"],"_links":{"self":[{"href":"https:\/\/www.avigel.de\/index.php?rest_route=\/wp\/v2\/pages\/597","targetHints":{"allow":["GET"]}}],"collection":[{"href":"https:\/\/www.avigel.de\/index.php?rest_route=\/wp\/v2\/pages"}],"about":[{"href":"https:\/\/www.avigel.de\/index.php?rest_route=\/wp\/v2\/types\/page"}],"author":[{"embeddable":true,"href":"https:\/\/www.avigel.de\/index.php?rest_route=\/wp\/v2\/users\/1"}],"replies":[{"embeddable":true,"href":"https:\/\/www.avigel.de\/index.php?rest_route=%2Fwp%2Fv2%2Fcomments&post=597"}],"version-history":[{"count":174,"href":"https:\/\/www.avigel.de\/index.php?rest_route=\/wp\/v2\/pages\/597\/revisions"}],"predecessor-version":[{"id":1223,"href":"https:\/\/www.avigel.de\/index.php?rest_route=\/wp\/v2\/pages\/597\/revisions\/1223"}],"wp:attachment":[{"href":"https:\/\/www.avigel.de\/index.php?rest_route=%2Fwp%2Fv2%2Fmedia&parent=597"}],"curies":[{"name":"wp","href":"https:\/\/api.w.org\/{rel}","templated":true}]}}