{"id":192,"date":"2018-10-30T13:47:57","date_gmt":"2018-10-30T13:47:57","guid":{"rendered":"http:\/\/www.avigel.de\/?page_id=192"},"modified":"2022-11-23T11:00:11","modified_gmt":"2022-11-23T11:00:11","slug":"semesterprogramm","status":"publish","type":"page","link":"https:\/\/www.avigel.de\/?page_id=192","title":{"rendered":"Semesterprogramm"},"content":{"rendered":"\t\t<div data-elementor-type=\"wp-page\" data-elementor-id=\"192\" class=\"elementor elementor-192\" data-elementor-post-type=\"page\">\n\t\t\t\t\t\t<section class=\"elementor-section elementor-top-section elementor-element elementor-element-6e529fb6 elementor-section-boxed elementor-section-height-default elementor-section-height-default\" data-id=\"6e529fb6\" data-element_type=\"section\" data-settings=\"{&quot;background_background&quot;:&quot;classic&quot;}\">\n\t\t\t\t\t\t<div class=\"elementor-container elementor-column-gap-default\">\n\t\t\t\t\t<div class=\"elementor-column elementor-col-100 elementor-top-column elementor-element elementor-element-42c16a6f\" data-id=\"42c16a6f\" data-element_type=\"column\">\n\t\t\t<div class=\"elementor-widget-wrap elementor-element-populated\">\n\t\t\t\t\t\t<section class=\"elementor-section elementor-inner-section elementor-element elementor-element-cade119 elementor-section-boxed elementor-section-height-default elementor-section-height-default\" data-id=\"cade119\" data-element_type=\"section\" data-settings=\"{&quot;background_background&quot;:&quot;classic&quot;}\">\n\t\t\t\t\t\t<div class=\"elementor-container elementor-column-gap-default\">\n\t\t\t\t\t<div class=\"elementor-column elementor-col-50 elementor-inner-column elementor-element elementor-element-e7968e0\" data-id=\"e7968e0\" data-element_type=\"column\">\n\t\t\t<div class=\"elementor-widget-wrap elementor-element-populated\">\n\t\t\t\t\t\t<div class=\"elementor-element elementor-element-81ccf64 elementor-widget elementor-widget-text-editor\" data-id=\"81ccf64\" data-element_type=\"widget\" data-widget_type=\"text-editor.default\">\n\t\t\t\t<div class=\"elementor-widget-container\">\n\t\t\t\t\t\t\t\t\t<h5 class=\"\" style=\"margin-left: auto; text-align: right;\"><br><\/h5>\n<h5 class=\"\" style=\"margin-left: auto; text-align: right;\"><span style=\"font-size: 16px; letter-spacing: 0.14rem;\">WINTERSEMESTER 2022\/2023<\/span><br><\/h5>\n<h2 class=\"\" style=\"margin-left: auto; text-align: right;\">Vielf\u00e4ltig.<br>Abwechslungsreich.<br>Akademisch.<\/h2>\n<p class=\"\" style=\"margin-left: auto; text-align: right;\">Genauso vielf\u00e4ltig wie unser Lebensbund.<br>Abwechslungsreich wie die einzelnen Bundesbr\u00fcder.<br>Akademisch \u2013 wie unser Anspruch an uns selbst.<br>&nbsp; Dies sind die Ziele die sich eine jede Charg<span style=\"color: var( --e-global-color-text ); font-family: var( --e-global-typography-text-font-family ), Sans-serif;\">e bei dem Erstellen&nbsp;des Semesterprogrammes setzt.<\/span><\/p>\t\t\t\t\t\t\t\t<\/div>\n\t\t\t\t<\/div>\n\t\t\t\t\t<\/div>\n\t\t<\/div>\n\t\t\t\t<div class=\"elementor-column elementor-col-50 elementor-inner-column elementor-element elementor-element-c4e831a\" data-id=\"c4e831a\" data-element_type=\"column\">\n\t\t\t<div class=\"elementor-widget-wrap elementor-element-populated\">\n\t\t\t\t\t\t<div class=\"elementor-element elementor-element-5fa5c29 elementor-widget elementor-widget-image\" data-id=\"5fa5c29\" data-element_type=\"widget\" data-widget_type=\"image.default\">\n\t\t\t\t<div class=\"elementor-widget-container\">\n\t\t\t\t\t\t\t\t\t\t\t\t\t\t\t<img fetchpriority=\"high\" decoding=\"async\" width=\"501\" height=\"410\" src=\"https:\/\/www.avigel.de\/wp-content\/uploads\/2022\/11\/Bildschirmfoto-2022-11-23-um-11.25.11-1.jpg\" class=\"attachment-large size-large wp-image-730\" alt=\"\" srcset=\"https:\/\/www.avigel.de\/wp-content\/uploads\/2022\/11\/Bildschirmfoto-2022-11-23-um-11.25.11-1.jpg 501w, https:\/\/www.avigel.de\/wp-content\/uploads\/2022\/11\/Bildschirmfoto-2022-11-23-um-11.25.11-1-300x246.jpg 300w\" sizes=\"(max-width: 501px) 100vw, 501px\" \/>\t\t\t\t\t\t\t\t\t\t\t\t\t\t\t<\/div>\n\t\t\t\t<\/div>\n\t\t\t\t\t<\/div>\n\t\t<\/div>\n\t\t\t\t\t<\/div>\n\t\t<\/section>\n\t\t\t\t\t<\/div>\n\t\t<\/div>\n\t\t\t\t\t<\/div>\n\t\t<\/section>\n\t\t\t\t<\/div>\n\t\t","protected":false},"excerpt":{"rendered":"<p>WINTERSEMESTER 2022\/2023 Vielf\u00e4ltig.Abwechslungsreich.Akademisch. Genauso vielf\u00e4ltig wie unser Lebensbund.Abwechslungsreich wie die einzelnen Bundesbr\u00fcder.Akademisch \u2013 wie unser Anspruch an uns selbst.&nbsp; Dies sind die Ziele die sich eine jede Charge bei dem Erstellen&nbsp;des Semesterprogrammes setzt.<\/p>\n","protected":false},"author":1,"featured_media":0,"parent":0,"menu_order":0,"comment_status":"closed","ping_status":"closed","template":"","meta":{"footnotes":""},"class_list":["post-192","page","type-page","status-publish","hentry"],"_links":{"self":[{"href":"https:\/\/www.avigel.de\/index.php?rest_route=\/wp\/v2\/pages\/192","targetHints":{"allow":["GET"]}}],"collection":[{"href":"https:\/\/www.avigel.de\/index.php?rest_route=\/wp\/v2\/pages"}],"about":[{"href":"https:\/\/www.avigel.de\/index.php?rest_route=\/wp\/v2\/types\/page"}],"author":[{"embeddable":true,"href":"https:\/\/www.avigel.de\/index.php?rest_route=\/wp\/v2\/users\/1"}],"replies":[{"embeddable":true,"href":"https:\/\/www.avigel.de\/index.php?rest_route=%2Fwp%2Fv2%2Fcomments&post=192"}],"version-history":[{"count":14,"href":"https:\/\/www.avigel.de\/index.php?rest_route=\/wp\/v2\/pages\/192\/revisions"}],"predecessor-version":[{"id":739,"href":"https:\/\/www.avigel.de\/index.php?rest_route=\/wp\/v2\/pages\/192\/revisions\/739"}],"wp:attachment":[{"href":"https:\/\/www.avigel.de\/index.php?rest_route=%2Fwp%2Fv2%2Fmedia&parent=192"}],"curies":[{"name":"wp","href":"https:\/\/api.w.org\/{rel}","templated":true}]}}